{"id":2114,"date":"2017-01-03T20:10:47","date_gmt":"2017-01-03T19:10:47","guid":{"rendered":"https:\/\/www.husabergsudde.se\/preis-oeffnungszeit\/"},"modified":"2025-11-18T16:32:57","modified_gmt":"2025-11-18T15:32:57","slug":"preis-oeffnungszeit","status":"publish","type":"page","link":"https:\/\/husabergsudde.hemsidaexempel.se\/de\/preis-oeffnungszeit\/","title":{"rendered":"Preis &#038; \u00d6ffnungszeit"},"content":{"rendered":"\t\t<div data-elementor-type=\"wp-page\" data-elementor-id=\"2114\" class=\"elementor elementor-2114 elementor-359\">\n\t\t\t\t\t\t<section class=\"elementor-section elementor-top-section elementor-element elementor-element-13e012c9 elementor-section-boxed elementor-section-height-default elementor-section-height-default\" data-id=\"13e012c9\" data-element_type=\"section\" data-e-type=\"section\">\n\t\t\t\t\t\t<div class=\"elementor-container elementor-column-gap-default\">\n\t\t\t\t\t<div class=\"elementor-column elementor-col-100 elementor-top-column elementor-element elementor-element-5b78c34\" data-id=\"5b78c34\" data-element_type=\"column\" data-e-type=\"column\">\n\t\t\t<div class=\"elementor-widget-wrap elementor-element-populated\">\n\t\t\t\t\t\t<div class=\"elementor-element elementor-element-46f8dd25 elementor-widget elementor-widget-text-editor\" data-id=\"46f8dd25\" data-element_type=\"widget\" data-e-type=\"widget\" data-widget_type=\"text-editor.default\">\n\t\t\t\t<div class=\"elementor-widget-container\">\n\t\t\t\t\t<div id=\"error\"><p class=\"wpdberror\"><strong>WordPress-Datenbank-Fehler:<\/strong> [Table &#039;husaberg_stage2.wptg_tables&#039; doesn&#039;t exist]<br \/><code>SELECT * FROM wptg_tables WHERE id IN (7)<\/code><\/p><\/div><div id=\"error\"><p class=\"wpdberror\"><strong>WordPress-Datenbank-Fehler:<\/strong> [Table &#039;husaberg_stage2.wptg_tables&#039; doesn&#039;t exist]<br \/><code>SELECT * FROM wptg_tables WHERE id IN (13)<\/code><\/p><\/div><div id=\"error\"><p class=\"wpdberror\"><strong>WordPress-Datenbank-Fehler:<\/strong> [Table &#039;husaberg_stage2.wptg_tables&#039; doesn&#039;t exist]<br \/><code>SELECT * FROM wptg_tables WHERE id IN (10)<\/code><\/p><\/div>\t\t\t\t<h4><strong><span style=\"text-decoration: underline; color: #800000;\">Preisliste 2026 (SEK)<\/span><\/strong><\/h4>\n<p><strong><span style=\"color: #800000;\">Warmwasserdusche, Toiletten und Gemeinschaftsk\u00fcche sind f\u00fcr alle G\u00e4ste kostenlos. <\/span><\/strong><\/p>\n<p><strong><span style=\"color: #800000;\">Kostenlose Entsorgung von Grauwasser und Auff\u00fcllen von Trinkwasser.<\/span><\/strong><\/p>\n<p><strong><span style=\"color: #800000;\">Die Saunna ist&nbsp;<\/span><\/strong><span style=\"color: rgb(128, 0, 0); font-weight: 600;\">f\u00fcr<\/span><strong><span style=\"color: #800000;\">&nbsp;der Nebensaison jeden Freitag und Samstag (16:00 bis 19:00 Uhr) und in der Hochsaison t\u00e4glich (16:00 bis 19:00 Uhr) f\u00fcr alle Campingg\u00e4ste kostenlos.<\/span><\/strong><\/p>\n<p><strong><span style=\"color: #800000;\">Kostenloses Wifi rund um die Service-H\u00e4user und die Rezeption. <\/span><\/strong><\/p>\n<p><strong><span style=\"color: #800000;\">Wenn Sie Ihr Elektroauto aufladen m\u00f6chten, m\u00fcssen Sie die regul\u00e4ren Ladestationen auf unserem Besucherparkplatz nutzen.<\/span><\/strong><\/p>\n<p><strong><span style=\"color: #800000;\">* Sonderpreise w\u00e4hrend Midsommar - siehe Tabelle weiter unten *<\/span><\/strong><br><\/p>\n<p><strong><span style=\"color: #800000;\">* Maximale Zeltgr\u00f6\u00dfe: 3*4 Meter<\/span><\/strong><br><strong><span style=\"color: #800000;\">* Wenn du Strom f\u00fcr dein Zelt und zus\u00e4tzlich einen Stellplatz f\u00fcr dein Auto m\u00f6chtest, empfehlen wir dir die Pl\u00e4tze 35, 36, 37, 38, 39 und 40 oder einen normalen Campingplatz zu buchen. Um Zeltpl\u00e4tze ohne Strom zu w\u00e4hlen, m\u00fcssen Sie Ihr Auto in der Hochsaison m\u00f6glicherweise auf unserem Besucherparkplatz abstellen.<\/span><\/strong><\/p>\n<p><\/p>\n<p><strong><span style=\"color: #800000;\">Bitte bringen Sie Ihre eigene Bettw\u00e4sche, Bettdecke, Kissenbez\u00fcge und Handt\u00fccher selbst mit. oder Sie k\u00f6nnen beim Check-in an der Rezeption mieten oder kaufen.<\/span><\/strong><\/p>\n<p>Geb\u00fchr f\u00fcr Hunde oder Katzen in einer 2-Bett-Kabine: <strong><span style=\"color: #800000;\">SEK 60 \/ Tag<\/span><\/strong>; Alle 6-Bett-Kabinen sind <strong><span style=\"color: #800000;\">haustierfrei<\/span><\/strong>.<\/p>\n<p><span style=\"color: #000000;\">Endreinigung: <span style=\"color: #800000;\"><strong>300 SEK<\/strong><\/span> in einer 2-Bett-H\u00fctte, <span style=\"color: #800000;\"><strong>800 SEK<\/strong><\/span> in einer 6-Bett-H\u00fctte<\/span><\/p>\n<p><span style=\"color: #000000;\">Kaution beim Einchecken in die H\u00fctte: <span style=\"color: #800000;\"><strong>800 SEK\/H\u00fctte<\/strong><\/span>. R\u00fcckerstattbar, wenn keine Sch\u00e4den am H\u00fctte aufgetreten sind und die Endreinigung der G\u00e4ste genehmigt wurde.<\/span><\/p>\n<p><\/p>\t\t\t\t\t\t\t\t<\/div>\n\t\t\t\t<\/div>\n\t\t\t\t\t<\/div>\n\t\t<\/div>\n\t\t\t\t\t<\/div>\n\t\t<\/section>\n\t\t\t\t<\/div>\n\t\t","protected":false},"excerpt":{"rendered":"<p>Preisliste 2026 (SEK) Warmwasserdusche, Toiletten und Gemeinschaftsk\u00fcche sind f\u00fcr alle G\u00e4ste kostenlos. Kostenlose Entsorgung von Grauwasser und Auff\u00fcllen von Trinkwasser. Die Saunna [&hellip;]<\/p>\n","protected":false},"author":1,"featured_media":0,"parent":0,"menu_order":0,"comment_status":"closed","ping_status":"closed","template":"page-templates\/page_fullwidth.php","meta":{"footnotes":""},"class_list":["post-2114","page","type-page","status-publish","hentry"],"_links":{"self":[{"href":"https:\/\/husabergsudde.hemsidaexempel.se\/de\/wp-json\/wp\/v2\/pages\/2114","targetHints":{"allow":["GET"]}}],"collection":[{"href":"https:\/\/husabergsudde.hemsidaexempel.se\/de\/wp-json\/wp\/v2\/pages"}],"about":[{"href":"https:\/\/husabergsudde.hemsidaexempel.se\/de\/wp-json\/wp\/v2\/types\/page"}],"author":[{"embeddable":true,"href":"https:\/\/husabergsudde.hemsidaexempel.se\/de\/wp-json\/wp\/v2\/users\/1"}],"replies":[{"embeddable":true,"href":"https:\/\/husabergsudde.hemsidaexempel.se\/de\/wp-json\/wp\/v2\/comments?post=2114"}],"version-history":[{"count":20,"href":"https:\/\/husabergsudde.hemsidaexempel.se\/de\/wp-json\/wp\/v2\/pages\/2114\/revisions"}],"predecessor-version":[{"id":3558,"href":"https:\/\/husabergsudde.hemsidaexempel.se\/de\/wp-json\/wp\/v2\/pages\/2114\/revisions\/3558"}],"wp:attachment":[{"href":"https:\/\/husabergsudde.hemsidaexempel.se\/de\/wp-json\/wp\/v2\/media?parent=2114"}],"curies":[{"name":"wp","href":"https:\/\/api.w.org\/{rel}","templated":true}]}}