{"id":2102,"date":"2017-01-03T20:01:04","date_gmt":"2017-01-03T19:01:04","guid":{"rendered":"https:\/\/www.husabergsudde.se\/camping-unterkunft\/"},"modified":"2025-11-30T23:23:31","modified_gmt":"2025-11-30T22:23:31","slug":"camping-unterkunft","status":"publish","type":"page","link":"https:\/\/husabergsudde.hemsidaexempel.se\/de\/camping-unterkunft\/","title":{"rendered":"Camping &#038; Unterkunft"},"content":{"rendered":"\t\t<div data-elementor-type=\"wp-page\" data-elementor-id=\"2102\" class=\"elementor elementor-2102 elementor-349\">\n\t\t\t\t\t\t<section class=\"elementor-section elementor-top-section elementor-element elementor-element-1023441 elementor-section-boxed elementor-section-height-default elementor-section-height-default\" data-id=\"1023441\" data-element_type=\"section\" data-e-type=\"section\">\n\t\t\t\t\t\t<div class=\"elementor-container elementor-column-gap-default\">\n\t\t\t\t\t<div class=\"elementor-column elementor-col-100 elementor-top-column elementor-element elementor-element-4d67cb6d\" data-id=\"4d67cb6d\" data-element_type=\"column\" data-e-type=\"column\">\n\t\t\t<div class=\"elementor-widget-wrap elementor-element-populated\">\n\t\t\t\t\t\t<div class=\"elementor-element elementor-element-2aaee427 elementor-widget elementor-widget-text-editor\" data-id=\"2aaee427\" data-element_type=\"widget\" data-e-type=\"widget\" data-widget_type=\"text-editor.default\">\n\t\t\t\t<div class=\"elementor-widget-container\">\n\t\t\t\t\t\t\t\t\t<div id=\"pl-349\" class=\"panel-layout\"><div id=\"pg-349-0\" class=\"panel-grid panel-has-style\" data-style=\"{&quot;cell_alignment&quot;:&quot;flex-start&quot;,&quot;align&quot;:&quot;&quot;,&quot;background_image&quot;:false,&quot;overlay&quot;:&quot;&quot;,&quot;overlay_color&quot;:&quot;#000000&quot;}\" data-ratio=\"1\" data-ratio-direction=\"right\"><div class=\"panel-row-style panel-row-style-for-349-0\" style=\"padding: 100px 0;\" data-overlay=\"true\" data-overlay-color=\"#000000\"><div id=\"pgc-349-0-0\" class=\"panel-grid-cell\" data-weight=\"1\"><div id=\"panel-349-0-0-0\" class=\"so-panel widget widget_sow-editor panel-first-child panel-last-child\" data-index=\"0\" data-style=\"{&quot;background_image_attachment&quot;:false,&quot;background_display&quot;:&quot;tile&quot;,&quot;content_alignment&quot;:&quot;left&quot;,&quot;title_color&quot;:&quot;#443f3f&quot;,&quot;headings_color&quot;:&quot;#443f3f&quot;}\"><div class=\"panel-widget-style panel-widget-style-for-349-0-0-0\" style=\"text-align: left;\" data-title-color=\"#443f3f\" data-headings-color=\"#443f3f\"><div class=\"so-widget-sow-editor so-widget-sow-editor-base\"><h3 class=\"widget-title\">H\u00dcTTEN<\/h3><div class=\"siteorigin-widget-tinymce textwidget\"><p>Es k\u00f6nnen 7 Campingkabinen gemietet werden, sechs 6-Bett-Kabinen und eine 2-Bett-Kabine.<br \/>Alle H\u00fctten haben einen fantastischen Blick \u00fcber das Wasser in Richtung Askersund und Stjernsund.<\/p><p>Die Kabinen sind mit K\u00fchlschr\u00e4nken, Kochfeldern, Kaffeemaschinen, K\u00fcchenutensilien, Glaswaren \/ Geschirr, Kissen und Bettdecken f\u00fcr die angegebene Anzahl von Betten ausgestattet.<\/p><p>Alle 6-Bett-Kabinen wurden 2020 neu gebaut und haben einen sehr hohen Standard. Sie haben einen TV, Dusche, Toilette, hei\u00dfes Wasser in der K\u00fcche und eine gro\u00dfe Veranda mit Gartenm\u00f6beln. Jede dieser H\u00fctten ist 54 Quadratmeter gro\u00df.\u00a0(Siehe Bilder unten)<\/p><p><img fetchpriority=\"high\" decoding=\"async\" class=\"alignnone size-medium wp-image-1154\" src=\"https:\/\/husabergsudde.hemsidaexempel.se\/wp-content\/uploads\/2020\/05\/IMG_20200512_201352-2-300x226.jpg\" alt=\"\" width=\"300\" height=\"226\" srcset=\"https:\/\/husabergsudde.hemsidaexempel.se\/wp-content\/uploads\/2020\/05\/IMG_20200512_201352-2-300x226.jpg 300w, https:\/\/husabergsudde.hemsidaexempel.se\/wp-content\/uploads\/2020\/05\/IMG_20200512_201352-2-768x577.jpg 768w, https:\/\/husabergsudde.hemsidaexempel.se\/wp-content\/uploads\/2020\/05\/IMG_20200512_201352-2-230x173.jpg 230w, https:\/\/husabergsudde.hemsidaexempel.se\/wp-content\/uploads\/2020\/05\/IMG_20200512_201352-2-350x263.jpg 350w, https:\/\/husabergsudde.hemsidaexempel.se\/wp-content\/uploads\/2020\/05\/IMG_20200512_201352-2-480x361.jpg 480w, https:\/\/husabergsudde.hemsidaexempel.se\/wp-content\/uploads\/2020\/05\/IMG_20200512_201352-2-600x451.jpg 600w, https:\/\/husabergsudde.hemsidaexempel.se\/wp-content\/uploads\/2020\/05\/IMG_20200512_201352-2.jpg 774w\" sizes=\"(max-width: 300px) 100vw, 300px\" \/><img decoding=\"async\" class=\"alignnone size-medium wp-image-1152\" src=\"https:\/\/husabergsudde.hemsidaexempel.se\/wp-content\/uploads\/2020\/05\/IMG_20200512_201205_1-300x225.jpg\" alt=\"\" width=\"300\" height=\"225\" srcset=\"https:\/\/husabergsudde.hemsidaexempel.se\/wp-content\/uploads\/2020\/05\/IMG_20200512_201205_1-300x225.jpg 300w, https:\/\/husabergsudde.hemsidaexempel.se\/wp-content\/uploads\/2020\/05\/IMG_20200512_201205_1-230x173.jpg 230w, https:\/\/husabergsudde.hemsidaexempel.se\/wp-content\/uploads\/2020\/05\/IMG_20200512_201205_1-350x263.jpg 350w, https:\/\/husabergsudde.hemsidaexempel.se\/wp-content\/uploads\/2020\/05\/IMG_20200512_201205_1-480x360.jpg 480w, https:\/\/husabergsudde.hemsidaexempel.se\/wp-content\/uploads\/2020\/05\/IMG_20200512_201205_1-600x450.jpg 600w, https:\/\/husabergsudde.hemsidaexempel.se\/wp-content\/uploads\/2020\/05\/IMG_20200512_201205_1.jpg 768w\" sizes=\"(max-width: 300px) 100vw, 300px\" \/><img decoding=\"async\" class=\"alignnone size-medium wp-image-1813\" src=\"https:\/\/husabergsudde.hemsidaexempel.se\/wp-content\/uploads\/2022\/05\/IMG_20220506_145618-300x225.jpg\" alt=\"\" width=\"300\" height=\"225\" srcset=\"https:\/\/husabergsudde.hemsidaexempel.se\/wp-content\/uploads\/2022\/05\/IMG_20220506_145618-300x225.jpg 300w, https:\/\/husabergsudde.hemsidaexempel.se\/wp-content\/uploads\/2022\/05\/IMG_20220506_145618-1024x768.jpg 1024w, https:\/\/husabergsudde.hemsidaexempel.se\/wp-content\/uploads\/2022\/05\/IMG_20220506_145618-768x576.jpg 768w, https:\/\/husabergsudde.hemsidaexempel.se\/wp-content\/uploads\/2022\/05\/IMG_20220506_145618-1536x1152.jpg 1536w, https:\/\/husabergsudde.hemsidaexempel.se\/wp-content\/uploads\/2022\/05\/IMG_20220506_145618-2048x1536.jpg 2048w, https:\/\/husabergsudde.hemsidaexempel.se\/wp-content\/uploads\/2022\/05\/IMG_20220506_145618-920x690.jpg 920w, https:\/\/husabergsudde.hemsidaexempel.se\/wp-content\/uploads\/2022\/05\/IMG_20220506_145618-230x173.jpg 230w, https:\/\/husabergsudde.hemsidaexempel.se\/wp-content\/uploads\/2022\/05\/IMG_20220506_145618-350x263.jpg 350w, https:\/\/husabergsudde.hemsidaexempel.se\/wp-content\/uploads\/2022\/05\/IMG_20220506_145618-480x360.jpg 480w\" sizes=\"(max-width: 300px) 100vw, 300px\" \/><img loading=\"lazy\" decoding=\"async\" class=\"alignnone size-medium wp-image-1814\" src=\"https:\/\/husabergsudde.hemsidaexempel.se\/wp-content\/uploads\/2022\/05\/IMG_20220506_145857-300x225.jpg\" alt=\"\" width=\"300\" height=\"225\" srcset=\"https:\/\/husabergsudde.hemsidaexempel.se\/wp-content\/uploads\/2022\/05\/IMG_20220506_145857-300x225.jpg 300w, https:\/\/husabergsudde.hemsidaexempel.se\/wp-content\/uploads\/2022\/05\/IMG_20220506_145857-1024x768.jpg 1024w, https:\/\/husabergsudde.hemsidaexempel.se\/wp-content\/uploads\/2022\/05\/IMG_20220506_145857-768x576.jpg 768w, https:\/\/husabergsudde.hemsidaexempel.se\/wp-content\/uploads\/2022\/05\/IMG_20220506_145857-1536x1152.jpg 1536w, https:\/\/husabergsudde.hemsidaexempel.se\/wp-content\/uploads\/2022\/05\/IMG_20220506_145857-2048x1536.jpg 2048w, https:\/\/husabergsudde.hemsidaexempel.se\/wp-content\/uploads\/2022\/05\/IMG_20220506_145857-920x690.jpg 920w, https:\/\/husabergsudde.hemsidaexempel.se\/wp-content\/uploads\/2022\/05\/IMG_20220506_145857-230x173.jpg 230w, https:\/\/husabergsudde.hemsidaexempel.se\/wp-content\/uploads\/2022\/05\/IMG_20220506_145857-350x263.jpg 350w, https:\/\/husabergsudde.hemsidaexempel.se\/wp-content\/uploads\/2022\/05\/IMG_20220506_145857-480x360.jpg 480w\" sizes=\"(max-width: 300px) 100vw, 300px\" \/> <img loading=\"lazy\" decoding=\"async\" class=\"alignnone size-medium wp-image-1815\" src=\"https:\/\/husabergsudde.hemsidaexempel.se\/wp-content\/uploads\/2022\/05\/IMG_20220506_145816-300x225.jpg\" alt=\"\" width=\"300\" height=\"225\" srcset=\"https:\/\/husabergsudde.hemsidaexempel.se\/wp-content\/uploads\/2022\/05\/IMG_20220506_145816-300x225.jpg 300w, https:\/\/husabergsudde.hemsidaexempel.se\/wp-content\/uploads\/2022\/05\/IMG_20220506_145816-1024x768.jpg 1024w, https:\/\/husabergsudde.hemsidaexempel.se\/wp-content\/uploads\/2022\/05\/IMG_20220506_145816-768x576.jpg 768w, https:\/\/husabergsudde.hemsidaexempel.se\/wp-content\/uploads\/2022\/05\/IMG_20220506_145816-1536x1152.jpg 1536w, https:\/\/husabergsudde.hemsidaexempel.se\/wp-content\/uploads\/2022\/05\/IMG_20220506_145816-2048x1536.jpg 2048w, https:\/\/husabergsudde.hemsidaexempel.se\/wp-content\/uploads\/2022\/05\/IMG_20220506_145816-920x690.jpg 920w, https:\/\/husabergsudde.hemsidaexempel.se\/wp-content\/uploads\/2022\/05\/IMG_20220506_145816-230x173.jpg 230w, https:\/\/husabergsudde.hemsidaexempel.se\/wp-content\/uploads\/2022\/05\/IMG_20220506_145816-350x263.jpg 350w, https:\/\/husabergsudde.hemsidaexempel.se\/wp-content\/uploads\/2022\/05\/IMG_20220506_145816-480x360.jpg 480w\" sizes=\"(max-width: 300px) 100vw, 300px\" \/><img loading=\"lazy\" decoding=\"async\" class=\"alignnone size-medium wp-image-1162\" src=\"https:\/\/husabergsudde.hemsidaexempel.se\/wp-content\/uploads\/2020\/05\/IMG_20200518_095827-300x225.jpg\" alt=\"\" width=\"300\" height=\"225\" srcset=\"https:\/\/husabergsudde.hemsidaexempel.se\/wp-content\/uploads\/2020\/05\/IMG_20200518_095827-300x225.jpg 300w, https:\/\/husabergsudde.hemsidaexempel.se\/wp-content\/uploads\/2020\/05\/IMG_20200518_095827-230x173.jpg 230w, https:\/\/husabergsudde.hemsidaexempel.se\/wp-content\/uploads\/2020\/05\/IMG_20200518_095827-350x263.jpg 350w, https:\/\/husabergsudde.hemsidaexempel.se\/wp-content\/uploads\/2020\/05\/IMG_20200518_095827-480x360.jpg 480w, https:\/\/husabergsudde.hemsidaexempel.se\/wp-content\/uploads\/2020\/05\/IMG_20200518_095827-600x450.jpg 600w, https:\/\/husabergsudde.hemsidaexempel.se\/wp-content\/uploads\/2020\/05\/IMG_20200518_095827.jpg 768w\" sizes=\"(max-width: 300px) 100vw, 300px\" \/><img loading=\"lazy\" decoding=\"async\" class=\"alignnone size-medium wp-image-1315\" src=\"https:\/\/husabergsudde.hemsidaexempel.se\/wp-content\/uploads\/2021\/05\/20210516_094243-300x225.jpg\" alt=\"\" width=\"300\" height=\"225\" srcset=\"https:\/\/husabergsudde.hemsidaexempel.se\/wp-content\/uploads\/2021\/05\/20210516_094243-300x225.jpg 300w, https:\/\/husabergsudde.hemsidaexempel.se\/wp-content\/uploads\/2021\/05\/20210516_094243-1024x768.jpg 1024w, https:\/\/husabergsudde.hemsidaexempel.se\/wp-content\/uploads\/2021\/05\/20210516_094243-768x576.jpg 768w, https:\/\/husabergsudde.hemsidaexempel.se\/wp-content\/uploads\/2021\/05\/20210516_094243-1536x1152.jpg 1536w, https:\/\/husabergsudde.hemsidaexempel.se\/wp-content\/uploads\/2021\/05\/20210516_094243-2048x1536.jpg 2048w, https:\/\/husabergsudde.hemsidaexempel.se\/wp-content\/uploads\/2021\/05\/20210516_094243-830x623.jpg 830w, https:\/\/husabergsudde.hemsidaexempel.se\/wp-content\/uploads\/2021\/05\/20210516_094243-230x173.jpg 230w, https:\/\/husabergsudde.hemsidaexempel.se\/wp-content\/uploads\/2021\/05\/20210516_094243-350x263.jpg 350w, https:\/\/husabergsudde.hemsidaexempel.se\/wp-content\/uploads\/2021\/05\/20210516_094243-480x360.jpg 480w, https:\/\/husabergsudde.hemsidaexempel.se\/wp-content\/uploads\/2021\/05\/20210516_094243-600x450.jpg 600w\" sizes=\"(max-width: 300px) 100vw, 300px\" \/><img loading=\"lazy\" decoding=\"async\" class=\"alignnone size-medium wp-image-1822\" src=\"https:\/\/husabergsudde.hemsidaexempel.se\/wp-content\/uploads\/2022\/05\/IMG_20220506_145835-1-300x225.jpg\" alt=\"\" width=\"300\" height=\"225\" srcset=\"https:\/\/husabergsudde.hemsidaexempel.se\/wp-content\/uploads\/2022\/05\/IMG_20220506_145835-1-300x225.jpg 300w, https:\/\/husabergsudde.hemsidaexempel.se\/wp-content\/uploads\/2022\/05\/IMG_20220506_145835-1-1024x768.jpg 1024w, https:\/\/husabergsudde.hemsidaexempel.se\/wp-content\/uploads\/2022\/05\/IMG_20220506_145835-1-768x576.jpg 768w, https:\/\/husabergsudde.hemsidaexempel.se\/wp-content\/uploads\/2022\/05\/IMG_20220506_145835-1-1536x1152.jpg 1536w, https:\/\/husabergsudde.hemsidaexempel.se\/wp-content\/uploads\/2022\/05\/IMG_20220506_145835-1-2048x1536.jpg 2048w, https:\/\/husabergsudde.hemsidaexempel.se\/wp-content\/uploads\/2022\/05\/IMG_20220506_145835-1-920x690.jpg 920w, https:\/\/husabergsudde.hemsidaexempel.se\/wp-content\/uploads\/2022\/05\/IMG_20220506_145835-1-230x173.jpg 230w, https:\/\/husabergsudde.hemsidaexempel.se\/wp-content\/uploads\/2022\/05\/IMG_20220506_145835-1-350x263.jpg 350w, https:\/\/husabergsudde.hemsidaexempel.se\/wp-content\/uploads\/2022\/05\/IMG_20220506_145835-1-480x360.jpg 480w\" sizes=\"(max-width: 300px) 100vw, 300px\" \/><img loading=\"lazy\" decoding=\"async\" class=\"alignnone size-medium wp-image-3623\" src=\"https:\/\/husabergsudde.hemsidaexempel.se\/wp-content\/uploads\/2025\/11\/IMG_20251129_140840-2-300x225.jpg\" alt=\"\" width=\"300\" height=\"225\" srcset=\"https:\/\/husabergsudde.hemsidaexempel.se\/wp-content\/uploads\/2025\/11\/IMG_20251129_140840-2-300x225.jpg 300w, https:\/\/husabergsudde.hemsidaexempel.se\/wp-content\/uploads\/2025\/11\/IMG_20251129_140840-2-1024x768.jpg 1024w, https:\/\/husabergsudde.hemsidaexempel.se\/wp-content\/uploads\/2025\/11\/IMG_20251129_140840-2-768x576.jpg 768w, https:\/\/husabergsudde.hemsidaexempel.se\/wp-content\/uploads\/2025\/11\/IMG_20251129_140840-2-1536x1152.jpg 1536w, https:\/\/husabergsudde.hemsidaexempel.se\/wp-content\/uploads\/2025\/11\/IMG_20251129_140840-2-2048x1536.jpg 2048w, https:\/\/husabergsudde.hemsidaexempel.se\/wp-content\/uploads\/2025\/11\/IMG_20251129_140840-2-1000x750.jpg 1000w, https:\/\/husabergsudde.hemsidaexempel.se\/wp-content\/uploads\/2025\/11\/IMG_20251129_140840-2-230x173.jpg 230w, https:\/\/husabergsudde.hemsidaexempel.se\/wp-content\/uploads\/2025\/11\/IMG_20251129_140840-2-350x263.jpg 350w, https:\/\/husabergsudde.hemsidaexempel.se\/wp-content\/uploads\/2025\/11\/IMG_20251129_140840-2-480x360.jpg 480w\" sizes=\"(max-width: 300px) 100vw, 300px\" \/><\/p><p>Die 2-Bett-Kabine ist einfacher, befindet sich jedoch in der N\u00e4he des Servicehauses mit Duschen, Toiletten und der Au\u00dfentheke. Das Haus verf\u00fcgt \u00fcber eine Veranda mit Tischen und St\u00fchlen. Die Gr\u00f6\u00dfe der H\u00fctte betr\u00e4gt ca. 10 Quadratmeter.\u00a0(Siehe Bilder unten)<\/p><p><img loading=\"lazy\" decoding=\"async\" class=\"alignnone size-full wp-image-1161\" src=\"https:\/\/husabergsudde.hemsidaexempel.se\/wp-content\/uploads\/2020\/05\/IMG_20200518_100529.jpg\" alt=\"\" width=\"291\" height=\"218\" srcset=\"https:\/\/husabergsudde.hemsidaexempel.se\/wp-content\/uploads\/2020\/05\/IMG_20200518_100529.jpg 291w, https:\/\/husabergsudde.hemsidaexempel.se\/wp-content\/uploads\/2020\/05\/IMG_20200518_100529-230x172.jpg 230w\" sizes=\"(max-width: 291px) 100vw, 291px\" \/><img loading=\"lazy\" decoding=\"async\" class=\"alignnone size-medium wp-image-1193\" src=\"https:\/\/husabergsudde.hemsidaexempel.se\/wp-content\/uploads\/2020\/06\/IMG_20200602_201725-300x225.jpg\" alt=\"\" width=\"300\" height=\"225\" srcset=\"https:\/\/husabergsudde.hemsidaexempel.se\/wp-content\/uploads\/2020\/06\/IMG_20200602_201725-300x225.jpg 300w, https:\/\/husabergsudde.hemsidaexempel.se\/wp-content\/uploads\/2020\/06\/IMG_20200602_201725-1024x768.jpg 1024w, https:\/\/husabergsudde.hemsidaexempel.se\/wp-content\/uploads\/2020\/06\/IMG_20200602_201725-768x576.jpg 768w, https:\/\/husabergsudde.hemsidaexempel.se\/wp-content\/uploads\/2020\/06\/IMG_20200602_201725-1536x1152.jpg 1536w, https:\/\/husabergsudde.hemsidaexempel.se\/wp-content\/uploads\/2020\/06\/IMG_20200602_201725-2048x1536.jpg 2048w, https:\/\/husabergsudde.hemsidaexempel.se\/wp-content\/uploads\/2020\/06\/IMG_20200602_201725-830x623.jpg 830w, https:\/\/husabergsudde.hemsidaexempel.se\/wp-content\/uploads\/2020\/06\/IMG_20200602_201725-230x173.jpg 230w, https:\/\/husabergsudde.hemsidaexempel.se\/wp-content\/uploads\/2020\/06\/IMG_20200602_201725-350x263.jpg 350w, https:\/\/husabergsudde.hemsidaexempel.se\/wp-content\/uploads\/2020\/06\/IMG_20200602_201725-480x360.jpg 480w, https:\/\/husabergsudde.hemsidaexempel.se\/wp-content\/uploads\/2020\/06\/IMG_20200602_201725-600x450.jpg 600w\" sizes=\"(max-width: 300px) 100vw, 300px\" \/><img loading=\"lazy\" decoding=\"async\" class=\"alignnone size-medium wp-image-1194\" src=\"https:\/\/husabergsudde.hemsidaexempel.se\/wp-content\/uploads\/2020\/06\/IMG_20200602_201411-300x225.jpg\" alt=\"\" width=\"300\" height=\"225\" srcset=\"https:\/\/husabergsudde.hemsidaexempel.se\/wp-content\/uploads\/2020\/06\/IMG_20200602_201411-300x225.jpg 300w, https:\/\/husabergsudde.hemsidaexempel.se\/wp-content\/uploads\/2020\/06\/IMG_20200602_201411-1024x768.jpg 1024w, https:\/\/husabergsudde.hemsidaexempel.se\/wp-content\/uploads\/2020\/06\/IMG_20200602_201411-768x576.jpg 768w, https:\/\/husabergsudde.hemsidaexempel.se\/wp-content\/uploads\/2020\/06\/IMG_20200602_201411-1536x1152.jpg 1536w, https:\/\/husabergsudde.hemsidaexempel.se\/wp-content\/uploads\/2020\/06\/IMG_20200602_201411-2048x1536.jpg 2048w, https:\/\/husabergsudde.hemsidaexempel.se\/wp-content\/uploads\/2020\/06\/IMG_20200602_201411-830x623.jpg 830w, https:\/\/husabergsudde.hemsidaexempel.se\/wp-content\/uploads\/2020\/06\/IMG_20200602_201411-230x173.jpg 230w, https:\/\/husabergsudde.hemsidaexempel.se\/wp-content\/uploads\/2020\/06\/IMG_20200602_201411-350x263.jpg 350w, https:\/\/husabergsudde.hemsidaexempel.se\/wp-content\/uploads\/2020\/06\/IMG_20200602_201411-480x360.jpg 480w, https:\/\/husabergsudde.hemsidaexempel.se\/wp-content\/uploads\/2020\/06\/IMG_20200602_201411-600x450.jpg 600w\" sizes=\"(max-width: 300px) 100vw, 300px\" \/><\/p><p>Bettw\u00e4sche, Handt\u00fccher und Verbrauchsmaterialien werden von Ihnen selbst mitgenommen oder an der Rezeption gemietet \/ gekauft.<br \/>Der Gast ist f\u00fcr die Endreinigung verantwortlich (Reinigungsmittel vorhanden). Gegen eine Geb\u00fchr k\u00f6nnen Sie aber auch an der Rezeption bestellt werden.<br \/>Die Gastgeber des Campingplatzes f\u00fchren vor der Abreise eine Inspektion mit dem Gast durch.<\/p><p style=\"text-align: center;\"><img loading=\"lazy\" decoding=\"async\" class=\"aligncenter wp-image-3584 size-full\" src=\"https:\/\/husabergsudde.hemsidaexempel.se\/wp-content\/uploads\/2025\/11\/stuga-1.png\" alt=\"\" width=\"796\" height=\"663\" srcset=\"https:\/\/husabergsudde.hemsidaexempel.se\/wp-content\/uploads\/2025\/11\/stuga-1.png 796w, https:\/\/husabergsudde.hemsidaexempel.se\/wp-content\/uploads\/2025\/11\/stuga-1-300x250.png 300w, https:\/\/husabergsudde.hemsidaexempel.se\/wp-content\/uploads\/2025\/11\/stuga-1-768x640.png 768w, https:\/\/husabergsudde.hemsidaexempel.se\/wp-content\/uploads\/2025\/11\/stuga-1-230x192.png 230w, https:\/\/husabergsudde.hemsidaexempel.se\/wp-content\/uploads\/2025\/11\/stuga-1-350x292.png 350w, https:\/\/husabergsudde.hemsidaexempel.se\/wp-content\/uploads\/2025\/11\/stuga-1-480x400.png 480w\" sizes=\"(max-width: 796px) 100vw, 796px\" \/><\/p><\/div><\/div><\/div><\/div><\/div><\/div><\/div><div id=\"pg-349-1\" class=\"panel-grid panel-has-style\" data-style=\"{&quot;cell_alignment&quot;:&quot;flex-start&quot;,&quot;align&quot;:&quot;&quot;,&quot;background_image&quot;:false,&quot;overlay&quot;:&quot;&quot;,&quot;overlay_color&quot;:&quot;#000000&quot;}\" data-ratio=\"1\" data-ratio-direction=\"right\"><div class=\"panel-row-style panel-row-style-for-349-1\" style=\"padding: 100px 0;\" data-overlay=\"true\" data-overlay-color=\"#000000\"><div id=\"pgc-349-1-0\" class=\"panel-grid-cell\" data-weight=\"1\"><div id=\"panel-349-1-0-0\" class=\"so-panel widget widget_sow-editor panel-first-child panel-last-child\" data-index=\"1\" data-style=\"{&quot;background_image_attachment&quot;:false,&quot;background_display&quot;:&quot;tile&quot;,&quot;content_alignment&quot;:&quot;left&quot;,&quot;title_color&quot;:&quot;#443f3f&quot;,&quot;headings_color&quot;:&quot;#443f3f&quot;}\"><div class=\"panel-widget-style panel-widget-style-for-349-1-0-0\" style=\"text-align: left;\" data-title-color=\"#443f3f\" data-headings-color=\"#443f3f\"><div class=\"so-widget-sow-editor so-widget-sow-editor-base\"><h3 class=\"widget-title\">CAMPING<\/h3><div class=\"siteorigin-widget-tinymce textwidget\"><p style=\"text-align: center;\">Wir haben 115 Campingpl\u00e4tze f\u00fcr Wohnwagen und Wohnmobile mit Strom. Viele Platze sind in der N\u00e4he des Sees und haben eine herrliche Aussicht.<\/p><p><img loading=\"lazy\" decoding=\"async\" class=\" wp-image-3172\" src=\"https:\/\/husabergsudde.hemsidaexempel.se\/wp-content\/uploads\/2023\/07\/DJI_0157-300x169.jpg\" alt=\"\" width=\"690\" height=\"389\" srcset=\"https:\/\/husabergsudde.hemsidaexempel.se\/wp-content\/uploads\/2023\/07\/DJI_0157-300x169.jpg 300w, https:\/\/husabergsudde.hemsidaexempel.se\/wp-content\/uploads\/2023\/07\/DJI_0157-1024x576.jpg 1024w, https:\/\/husabergsudde.hemsidaexempel.se\/wp-content\/uploads\/2023\/07\/DJI_0157-768x432.jpg 768w, https:\/\/husabergsudde.hemsidaexempel.se\/wp-content\/uploads\/2023\/07\/DJI_0157-1536x864.jpg 1536w, https:\/\/husabergsudde.hemsidaexempel.se\/wp-content\/uploads\/2023\/07\/DJI_0157-2048x1152.jpg 2048w, https:\/\/husabergsudde.hemsidaexempel.se\/wp-content\/uploads\/2023\/07\/DJI_0157-1000x563.jpg 1000w, https:\/\/husabergsudde.hemsidaexempel.se\/wp-content\/uploads\/2023\/07\/DJI_0157-230x129.jpg 230w, https:\/\/husabergsudde.hemsidaexempel.se\/wp-content\/uploads\/2023\/07\/DJI_0157-350x197.jpg 350w, https:\/\/husabergsudde.hemsidaexempel.se\/wp-content\/uploads\/2023\/07\/DJI_0157-480x270.jpg 480w\" sizes=\"(max-width: 690px) 100vw, 690px\" \/><\/p><\/div><\/div><\/div><\/div><\/div><\/div><\/div><div id=\"pg-349-2\" class=\"panel-grid panel-has-style\" data-style=\"{&quot;cell_alignment&quot;:&quot;flex-start&quot;,&quot;align&quot;:&quot;&quot;,&quot;overlay&quot;:&quot;&quot;,&quot;overlay_color&quot;:&quot;#000000&quot;}\"><div class=\"panel-row-style panel-row-style-for-349-2\" style=\"padding: 100px 0;\" data-overlay=\"true\" data-overlay-color=\"#000000\"><div id=\"pgc-349-2-0\" class=\"panel-grid-cell\" data-weight=\"1\"><div id=\"panel-349-2-0-0\" class=\"so-panel widget widget_sow-editor panel-first-child panel-last-child\" data-index=\"2\" data-style=\"{&quot;background_image_attachment&quot;:false,&quot;background_display&quot;:&quot;tile&quot;,&quot;content_alignment&quot;:&quot;left&quot;,&quot;title_color&quot;:&quot;#443f3f&quot;,&quot;headings_color&quot;:&quot;#443f3f&quot;}\"><div class=\"panel-widget-style panel-widget-style-for-349-2-0-0\" style=\"text-align: left;\" data-title-color=\"#443f3f\" data-headings-color=\"#443f3f\"><div class=\"so-widget-sow-editor so-widget-sow-editor-base\"><h3 class=\"widget-title\">Zelt<\/h3><div class=\"siteorigin-widget-tinymce textwidget\"><p style=\"text-align: center;\">Sie sind willkommen, Ihr Zelt neben dem See einzurichten. (Siehe Campingplan.)<\/p><p style=\"text-align: center;\">Wenn Sie Strom zum Zelt haben m\u00f6chten, empfehlen wir Ihnen, die Pl\u00e4tze 35, 36, 37, 38, 39, 40 oder einen normalen Campingplatz zu buchen.<\/p><p style=\"text-align: center;\">Um einen Zeltplatz ohne Strom zu buchen, m\u00fcssen Sie Ihr Auto in der Hochsaison m\u00f6glicherweise auf unserem Besucherparkplatz abstellen.<\/p><p style=\"text-align: center;\">Wir haben nur 6 Zeltpl\u00e4tze ohne Strom. (Gr\u00f6\u00dfe: 3*4 Meter)<\/p><p><img loading=\"lazy\" decoding=\"async\" class=\" wp-image-3166\" src=\"https:\/\/husabergsudde.hemsidaexempel.se\/wp-content\/uploads\/2023\/07\/DJI_0151-300x169.jpg\" alt=\"\" width=\"661\" height=\"373\" srcset=\"https:\/\/husabergsudde.hemsidaexempel.se\/wp-content\/uploads\/2023\/07\/DJI_0151-300x169.jpg 300w, https:\/\/husabergsudde.hemsidaexempel.se\/wp-content\/uploads\/2023\/07\/DJI_0151-1024x576.jpg 1024w, https:\/\/husabergsudde.hemsidaexempel.se\/wp-content\/uploads\/2023\/07\/DJI_0151-768x432.jpg 768w, https:\/\/husabergsudde.hemsidaexempel.se\/wp-content\/uploads\/2023\/07\/DJI_0151-1536x864.jpg 1536w, https:\/\/husabergsudde.hemsidaexempel.se\/wp-content\/uploads\/2023\/07\/DJI_0151-2048x1152.jpg 2048w, https:\/\/husabergsudde.hemsidaexempel.se\/wp-content\/uploads\/2023\/07\/DJI_0151-1000x563.jpg 1000w, https:\/\/husabergsudde.hemsidaexempel.se\/wp-content\/uploads\/2023\/07\/DJI_0151-230x129.jpg 230w, https:\/\/husabergsudde.hemsidaexempel.se\/wp-content\/uploads\/2023\/07\/DJI_0151-350x197.jpg 350w, https:\/\/husabergsudde.hemsidaexempel.se\/wp-content\/uploads\/2023\/07\/DJI_0151-480x270.jpg 480w\" sizes=\"(max-width: 661px) 100vw, 661px\" \/><\/p><\/div><\/div><\/div><\/div><\/div><\/div><\/div><\/div>\t\t\t\t\t\t\t\t<\/div>\n\t\t\t\t<\/div>\n\t\t\t\t\t<\/div>\n\t\t<\/div>\n\t\t\t\t\t<\/div>\n\t\t<\/section>\n\t\t\t\t<\/div>\n\t\t","protected":false},"excerpt":{"rendered":"<p>H\u00dcTTEN Es k\u00f6nnen 7 Campingkabinen gemietet werden, sechs 6-Bett-Kabinen und eine 2-Bett-Kabine.Alle H\u00fctten haben einen fantastischen Blick \u00fcber das Wasser in Richtung [&hellip;]<\/p>\n","protected":false},"author":1,"featured_media":1895,"parent":0,"menu_order":0,"comment_status":"closed","ping_status":"closed","template":"page-templates\/page_fullwidth.php","meta":{"footnotes":""},"class_list":["post-2102","page","type-page","status-publish","has-post-thumbnail","hentry"],"_links":{"self":[{"href":"https:\/\/husabergsudde.hemsidaexempel.se\/de\/wp-json\/wp\/v2\/pages\/2102","targetHints":{"allow":["GET"]}}],"collection":[{"href":"https:\/\/husabergsudde.hemsidaexempel.se\/de\/wp-json\/wp\/v2\/pages"}],"about":[{"href":"https:\/\/husabergsudde.hemsidaexempel.se\/de\/wp-json\/wp\/v2\/types\/page"}],"author":[{"embeddable":true,"href":"https:\/\/husabergsudde.hemsidaexempel.se\/de\/wp-json\/wp\/v2\/users\/1"}],"replies":[{"embeddable":true,"href":"https:\/\/husabergsudde.hemsidaexempel.se\/de\/wp-json\/wp\/v2\/comments?post=2102"}],"version-history":[{"count":35,"href":"https:\/\/husabergsudde.hemsidaexempel.se\/de\/wp-json\/wp\/v2\/pages\/2102\/revisions"}],"predecessor-version":[{"id":3626,"href":"https:\/\/husabergsudde.hemsidaexempel.se\/de\/wp-json\/wp\/v2\/pages\/2102\/revisions\/3626"}],"wp:featuredmedia":[{"embeddable":true,"href":"https:\/\/husabergsudde.hemsidaexempel.se\/de\/wp-json\/wp\/v2\/media\/1895"}],"wp:attachment":[{"href":"https:\/\/husabergsudde.hemsidaexempel.se\/de\/wp-json\/wp\/v2\/media?parent=2102"}],"curies":[{"name":"wp","href":"https:\/\/api.w.org\/{rel}","templated":true}]}}