{"id":2098,"date":"2016-12-02T15:24:18","date_gmt":"2016-12-02T14:24:18","guid":{"rendered":"https:\/\/www.husabergsudde.se\/german-homepage\/"},"modified":"2024-05-31T15:29:43","modified_gmt":"2024-05-31T13:29:43","slug":"german-homepage","status":"publish","type":"page","link":"https:\/\/husabergsudde.hemsidaexempel.se\/de\/","title":{"rendered":"Startseite"},"content":{"rendered":"\t\t<div data-elementor-type=\"wp-page\" data-elementor-id=\"2098\" class=\"elementor elementor-2098 elementor-206\">\n\t\t\t\t\t\t<section class=\"elementor-section elementor-top-section elementor-element elementor-element-9f44276 elementor-section-boxed elementor-section-height-default elementor-section-height-default\" data-id=\"9f44276\" data-element_type=\"section\" data-e-type=\"section\">\n\t\t\t\t\t\t<div class=\"elementor-container elementor-column-gap-default\">\n\t\t\t\t\t<div class=\"elementor-column elementor-col-33 elementor-top-column elementor-element elementor-element-b774115\" data-id=\"b774115\" data-element_type=\"column\" data-e-type=\"column\">\n\t\t\t<div class=\"elementor-widget-wrap\">\n\t\t\t\t\t\t\t<\/div>\n\t\t<\/div>\n\t\t\t\t<div class=\"elementor-column elementor-col-33 elementor-top-column elementor-element elementor-element-d93931e\" data-id=\"d93931e\" data-element_type=\"column\" data-e-type=\"column\">\n\t\t\t<div class=\"elementor-widget-wrap elementor-element-populated\">\n\t\t\t\t\t\t<div class=\"elementor-element elementor-element-4163a6e elementor-widget elementor-widget-spacer\" data-id=\"4163a6e\" data-element_type=\"widget\" data-e-type=\"widget\" data-widget_type=\"spacer.default\">\n\t\t\t\t<div class=\"elementor-widget-container\">\n\t\t\t\t\t\t\t<div class=\"elementor-spacer\">\n\t\t\t<div class=\"elementor-spacer-inner\"><\/div>\n\t\t<\/div>\n\t\t\t\t\t\t<\/div>\n\t\t\t\t<\/div>\n\t\t\t\t<div class=\"elementor-element elementor-element-cc7e257 elementor-button-danger elementor-align-justify elementor-widget elementor-widget-button\" data-id=\"cc7e257\" data-element_type=\"widget\" data-e-type=\"widget\" data-widget_type=\"button.default\">\n\t\t\t\t<div class=\"elementor-widget-container\">\n\t\t\t\t\t\t\t\t\t<div class=\"elementor-button-wrapper\">\n\t\t\t\t\t<a class=\"elementor-button elementor-button-link elementor-size-lg\" href=\"https:\/\/husabergsudde.hemsidaexempel.se\/de\/test-suchen\/\">\n\t\t\t\t\t\t<span class=\"elementor-button-content-wrapper\">\n\t\t\t\t\t\t\t\t\t<span class=\"elementor-button-text\">Online buchung<\/span>\n\t\t\t\t\t<\/span>\n\t\t\t\t\t<\/a>\n\t\t\t\t<\/div>\n\t\t\t\t\t\t\t\t<\/div>\n\t\t\t\t<\/div>\n\t\t\t\t\t<\/div>\n\t\t<\/div>\n\t\t\t\t<div class=\"elementor-column elementor-col-33 elementor-top-column elementor-element elementor-element-13a2d0f\" data-id=\"13a2d0f\" data-element_type=\"column\" data-e-type=\"column\">\n\t\t\t<div class=\"elementor-widget-wrap\">\n\t\t\t\t\t\t\t<\/div>\n\t\t<\/div>\n\t\t\t\t\t<\/div>\n\t\t<\/section>\n\t\t\t\t<section class=\"elementor-section elementor-top-section elementor-element elementor-element-e88a03c elementor-section-boxed elementor-section-height-default elementor-section-height-default\" data-id=\"e88a03c\" data-element_type=\"section\" data-e-type=\"section\">\n\t\t\t\t\t\t<div class=\"elementor-container elementor-column-gap-default\">\n\t\t\t\t\t<div class=\"elementor-column elementor-col-100 elementor-top-column elementor-element elementor-element-6dae47fa\" data-id=\"6dae47fa\" data-element_type=\"column\" data-e-type=\"column\">\n\t\t\t<div class=\"elementor-widget-wrap elementor-element-populated\">\n\t\t\t\t\t\t<div class=\"elementor-element elementor-element-571f1ec5 elementor-widget elementor-widget-text-editor\" data-id=\"571f1ec5\" data-element_type=\"widget\" data-e-type=\"widget\" data-widget_type=\"text-editor.default\">\n\t\t\t\t<div class=\"elementor-widget-container\">\n\t\t\t\t\t\t\t\t\t<p>Der Campingplatz befindet sich auf einer Landzunge im n\u00f6rdlichsten Teil des Sees V\u00e4ttern , deren Gebiet auch Alsen genannt wird. Husaberdsgudde geht bis in die Wikingerzeit zur\u00fcck und laut einer Sage wurde dort vor langer Zeit ein Schatz vergraben.<br>Vom Campingplatz entlang des Alsens gehen Fu\u00df- und Fahrradwege nach Askersund und zum Schloss Stjernsund ( ehemaliger K\u00f6nigssitz). Bis zum Zentrum von Askersund sind es ca. 1,5 km und zum Schloss etwa 3 km.<br>Der Campingplatz hat 115 Stellpl\u00e4tze f\u00fcr Wohnwagen und Wohnmobile, wovon 92 mit einem Stromanschluss ausgestattet sind.<br>Au\u00dferdem gibt es auch sch\u00f6ne Zeltfl\u00e4chen und einen Spielplatz f\u00fcr Kinder. Die Badestelle, mit Sand und Grasfl\u00e4chen, ist flach und kinderfreundlich. Hinter der Rezeption befindet sich zudem eine Minigolfbahn, die 2008 errichtet wurde.<br>Sie haben die M\u00f6glichkeit ohne den Nachweis eines Angelscheins, direkt vom Land aus mit einer Handangel zu Angeln. Bei Bedarf k\u00f6nnen Sie jedoch auch einen Angelschein f\u00fcr das Angeln mit Boot an der Rezeption erwerben.<br>Zudem stehen Kanus, Kajak, Ruderboote, sowie Fahrr\u00e4der zum Ausleihen zur Verf\u00fcgung.<br>Der platzeigene Laden bietet die wichtigsten Grundnahrungsmittel an, sowie auch Eis und Getr\u00e4nke. W\u00e4hrend der Hochsaison bieten wir t\u00e4glich frischgebackenes Brot an.<br>Unser Sanit\u00e4rbereich wurde 2005 und 2020 komplett renoviert und entspricht einem gehobenen Standard.<\/p>\n<p>Weitere Informationen zur Stadt Askersund:&nbsp;<a href=\"https:\/\/www.visitaskersund.se\/\" target=\"_blank\">https:\/\/www.visitaskersund.se\/<\/a><br><\/p>\t\t\t\t\t\t\t\t<\/div>\n\t\t\t\t<\/div>\n\t\t\t\t\t<\/div>\n\t\t<\/div>\n\t\t\t\t\t<\/div>\n\t\t<\/section>\n\t\t\t\t<\/div>\n\t\t","protected":false},"excerpt":{"rendered":"<p>Online buchung Der Campingplatz befindet sich auf einer Landzunge im n\u00f6rdlichsten Teil des Sees V\u00e4ttern , deren Gebiet auch Alsen genannt wird. [&hellip;]<\/p>\n","protected":false},"author":1,"featured_media":0,"parent":0,"menu_order":0,"comment_status":"closed","ping_status":"closed","template":"page-templates\/page_fullwidth.php","meta":{"footnotes":""},"class_list":["post-2098","page","type-page","status-publish","hentry"],"_links":{"self":[{"href":"https:\/\/husabergsudde.hemsidaexempel.se\/de\/wp-json\/wp\/v2\/pages\/2098","targetHints":{"allow":["GET"]}}],"collection":[{"href":"https:\/\/husabergsudde.hemsidaexempel.se\/de\/wp-json\/wp\/v2\/pages"}],"about":[{"href":"https:\/\/husabergsudde.hemsidaexempel.se\/de\/wp-json\/wp\/v2\/types\/page"}],"author":[{"embeddable":true,"href":"https:\/\/husabergsudde.hemsidaexempel.se\/de\/wp-json\/wp\/v2\/users\/1"}],"replies":[{"embeddable":true,"href":"https:\/\/husabergsudde.hemsidaexempel.se\/de\/wp-json\/wp\/v2\/comments?post=2098"}],"version-history":[{"count":14,"href":"https:\/\/husabergsudde.hemsidaexempel.se\/de\/wp-json\/wp\/v2\/pages\/2098\/revisions"}],"predecessor-version":[{"id":3346,"href":"https:\/\/husabergsudde.hemsidaexempel.se\/de\/wp-json\/wp\/v2\/pages\/2098\/revisions\/3346"}],"wp:attachment":[{"href":"https:\/\/husabergsudde.hemsidaexempel.se\/de\/wp-json\/wp\/v2\/media?parent=2098"}],"curies":[{"name":"wp","href":"https:\/\/api.w.org\/{rel}","templated":true}]}}