{"id":2082,"date":"2022-05-03T17:22:49","date_gmt":"2022-05-03T15:22:49","guid":{"rendered":"https:\/\/www.husabergsudde.se\/test-suchen\/"},"modified":"2026-01-22T21:02:31","modified_gmt":"2026-01-22T20:02:31","slug":"test-suchen","status":"publish","type":"page","link":"https:\/\/husabergsudde.hemsidaexempel.se\/de\/test-suchen\/","title":{"rendered":"Online buchung"},"content":{"rendered":"\t\t<div data-elementor-type=\"wp-page\" data-elementor-id=\"2082\" class=\"elementor elementor-2082 elementor-1735\">\n\t\t\t\t\t\t<section class=\"elementor-section elementor-top-section elementor-element elementor-element-053d24d elementor-section-boxed elementor-section-height-default elementor-section-height-default\" data-id=\"053d24d\" data-element_type=\"section\" data-e-type=\"section\">\n\t\t\t\t\t\t<div class=\"elementor-container elementor-column-gap-default\">\n\t\t\t\t\t<div class=\"elementor-column elementor-col-100 elementor-top-column elementor-element elementor-element-eaef5cf\" data-id=\"eaef5cf\" data-element_type=\"column\" data-e-type=\"column\">\n\t\t\t<div class=\"elementor-widget-wrap elementor-element-populated\">\n\t\t\t\t\t\t<div class=\"elementor-element elementor-element-9b1302c elementor-widget elementor-widget-heading\" data-id=\"9b1302c\" data-element_type=\"widget\" data-e-type=\"widget\" data-widget_type=\"heading.default\">\n\t\t\t\t<div class=\"elementor-widget-container\">\n\t\t\t\t\t<h2 class=\"elementor-heading-title elementor-size-default\">Der Stornoschutz kostet 200 SEK pro Einheit.<br>R\u00fcckerstattung, wenn die Stornierung sp\u00e4testens 24  Stunden vor dem Check-in (14:00) erfolgt.<br>Die R\u00fcckerstattung w\u00fcrde den Gesamtbetrag abz\u00fcglich 200 SEK als Verwaltungsgeb\u00fchr betragen.<br><u><i>Wenn Sie H\u00fctten f\u00fcr Mittsommer (18. bis 21. Juni, 3 N\u00e4chte) buchen m\u00f6chten, senden Sie uns bitte eine Anfrage per E-Mail.<\/i><\/u><\/h2>\t\t\t\t<\/div>\n\t\t\t\t<\/div>\n\t\t\t\t\t<\/div>\n\t\t<\/div>\n\t\t\t\t\t<\/div>\n\t\t<\/section>\n\t\t\t\t<section class=\"elementor-section elementor-top-section elementor-element elementor-element-8c8b9ed elementor-section-boxed elementor-section-height-default elementor-section-height-default\" data-id=\"8c8b9ed\" data-element_type=\"section\" data-e-type=\"section\">\n\t\t\t\t\t\t<div class=\"elementor-container elementor-column-gap-default\">\n\t\t\t\t\t<div class=\"elementor-column elementor-col-100 elementor-top-column elementor-element elementor-element-59fc3e5\" data-id=\"59fc3e5\" data-element_type=\"column\" data-e-type=\"column\">\n\t\t\t<div class=\"elementor-widget-wrap elementor-element-populated\">\n\t\t\t\t\t\t<div class=\"elementor-element elementor-element-154e3d8 elementor-widget elementor-widget-wp-widget-mod_vikbooking_horizontalsearch\" data-id=\"154e3d8\" data-element_type=\"widget\" data-e-type=\"widget\" data-widget_type=\"wp-widget-mod_vikbooking_horizontalsearch.default\">\n\t\t\t\t<div class=\"elementor-widget-container\">\n\t\t\t\t\t\n<div class=\"vbmodhorsearchmaindiv vbo-horizsearch-humanformat-wrap\">\n\t<form action=\"https:\/\/husabergsudde.hemsidaexempel.se\/de\/suchen-result-ger\/?task=search\" method=\"post\" id=\"vbo-mod-horsearch-form-366\">\n\t\t<input type=\"hidden\" name=\"task\" value=\"search\" \/>\n\t\t<div class=\"vbmodhorsearch-hum-dates-wrap\">\n\t\t\t<div class=\"vbmodhorsearch-humcalcont vbmodhorsearchcheckindiv\">\n\t\t\t\t<label class=\"vbo-horizsearch-lbl-dt-366\">Check-in date<\/label>\n\t\t\t\t<div class=\"vbo-horizsearch-showcalendar vbo-horizsearch-showcalendar-from\" id=\"vbo-horizsearch-checkin366\">\n\t\t\t\t\t<i class=\"far fa-calendar-alt\"><\/i>\t\t\t\t\t<span class=\"vbo-horizsearch-placeholder\">Datum ausw\u00e4hlen<\/span>\n\t\t\t\t\t<div id=\"vbo-horizsearch-period366-from\" class=\"vbo-horizsearch-period-from\">\n\t\t\t\t\t\t<span class=\"vbo-horizsearch-period-mday\"><\/span>\n\t\t\t\t\t\t<div class=\"vbo-horizsearch-period-dt\">\n\t\t\t\t\t\t\t<span class=\"vbo-horizsearch-period-month\"><\/span>\n\t\t\t\t\t\t\t<span class=\"vbo-horizsearch-period-year\"><\/span>\n\t\t\t\t\t\t\t<span class=\"vbo-horizsearch-period-wday\"><\/span>\n\t\t\t\t\t\t<\/div>\n\t\t\t\t\t<\/div>\n\t\t\t\t<\/div>\n\t\t\t\t<div class=\"vbo-horizsearch-dpicker-cont vbo-horizsearch-dpicker-from\" id=\"checkindatemod366\" style=\"display: none;\"><\/div>\n\t\t\t\t<input type=\"hidden\" name=\"checkindate\" id=\"inp-checkindatemod366\"\/>\n\t\t\t\t<input type=\"hidden\" name=\"checkinh\" value=\"14\"\/>\n\t\t\t\t<input type=\"hidden\" name=\"checkinm\" value=\"0\"\/>\n\t\t\t<\/div>\n\t\t\t<div class=\"vbmodhorsearch-humcalcont vbmodhorsearchcheckoutdiv\">\n\t\t\t\t<label class=\"vbo-horizsearch-lbl-dt-366\">Check-out date<\/label>\n\t\t\t\t<div class=\"vbo-horizsearch-showcalendar vbo-horizsearch-showcalendar-to\" id=\"vbo-horizsearch-checkout366\">\n\t\t\t\t\t<i class=\"far fa-calendar-alt\"><\/i>\t\t\t\t\t<span class=\"vbo-horizsearch-placeholder\">Datum ausw\u00e4hlen<\/span>\n\t\t\t\t\t<div id=\"vbo-horizsearch-period366-to\" class=\"vbo-horizsearch-period-to\">\n\t\t\t\t\t\t<span class=\"vbo-horizsearch-period-mday\"><\/span>\n\t\t\t\t\t\t<div class=\"vbo-horizsearch-period-dt\">\n\t\t\t\t\t\t\t<span class=\"vbo-horizsearch-period-month\"><\/span>\n\t\t\t\t\t\t\t<span class=\"vbo-horizsearch-period-year\"><\/span>\n\t\t\t\t\t\t\t<span class=\"vbo-horizsearch-period-wday\"><\/span>\n\t\t\t\t\t\t<\/div>\n\t\t\t\t\t<\/div>\n\t\t\t\t<\/div>\n\t\t\t\t<div class=\"vbo-horizsearch-dpicker-cont vbo-horizsearch-dpicker-to\" id=\"checkoutdatemod366\" style=\"display: none;\"><\/div>\n\t\t\t\t<input type=\"hidden\" name=\"checkoutdate\" id=\"inp-checkoutdatemod366\"\/>\n\t\t\t\t<input type=\"hidden\" name=\"checkouth\" value=\"12\"\/>\n\t\t\t\t<input type=\"hidden\" name=\"checkoutm\" value=\"0\"\/>\n\t\t\t<\/div>\n\t\t\t<div class=\"vbmodhorsearchtotnights\" id=\"vbjstotnightsmod366\"><\/div>\n\t\t<\/div>\n\t\t\t<div class=\"vbmodhorsearch-hum-guests-wrap\">\n\t\t\t\n\t\t\t<label onclick=\"jQuery('#vbmodhorsearch-hum-guests-count366').trigger('click');\">G\u00e4ste<\/label>\n\n\t\t\t<div class=\"vbmodhorsearch-hum-guests-count\" id=\"vbmodhorsearch-hum-guests-count366\">\n\t\t\t\t<div class=\"vbmodhorsearch-hum-guests-elem vbmodhorsearch-hum-guests-rooms\">\n\t\t\t\t\t<label>Platz<\/label>\n\t\t\t\t\t<span id=\"vbmodhorsearch-hum-guests-rooms366\">1<\/span>\n\t\t\t\t<\/div>\n\t\t\t\t<div class=\"vbmodhorsearch-hum-guests-elem vbmodhorsearch-hum-guests-adults\">\n\t\t\t\t\t<label>Person<\/label>\n\t\t\t\t\t<span id=\"vbmodhorsearch-hum-guests-adults366\">2<\/span>\n\t\t\t\t<\/div>\n\t\t\t\t\t\t<\/div>\n\t\t\t\n\t\t\t<div class=\"vbmodhorsearch-hum-guests-modifier\" style=\"display: none;\">\n\t\t\t\t<div class=\"vbmodhorsearch-hum-guests-modifier-inner\">\n\t\t\t\t\n\t\t\t\t\t\t\t\t\t<div class=\"vbmodhorsearchroomsel\">\n\t\t\t\t\t\t<label for=\"vbmodformroomsn366\">Platz<\/label>\n\t\t\t\t\t\t<span class=\"vbhsrnselsp\"><select name=\"roomsnum\" id=\"vbmodformroomsn366\" onchange=\"vbSetRoomsAdultsMod366(this.value);\">\n<option value=\"1\">1<\/option>\n<option value=\"2\">2<\/option>\n<option value=\"3\">3<\/option>\n<option value=\"4\">4<\/option>\n<\/select><\/span>\n\t\t\t\t\t<\/div>\n\t\t\t\t\t\t\t\t\t\t<div class=\"vbmodhorsearchroomdentr\">\n\t\t\t\t\t\t<div class=\"vbmodhorsearchroomdentrfirst\">\n\t\t\t\t\t\t\t\t\t\t\t\t\t<span class=\"horsrnum\">Platz 1<\/span>\n\t\t\t\t\t\t\t\t\t\t\t\t\t\t<div class=\"horsanumdiv\">\n\t\t\t\t\t\t\t\t<label class=\"horsanumlb\" for=\"vbo-mhs-adults-366\">Person<\/label>\n\t\t\t\t\t\t\t\t<span class=\"horsanumsel\"><select name=\"adults[]\" id=\"vbo-mhs-adults-366\" onchange=\"vbCountTotGuests366();\"><option value=\"1\">1<\/option><option value=\"2\" selected=\"selected\">2<\/option><option value=\"3\">3<\/option><option value=\"4\">4<\/option><option value=\"5\">5<\/option><option value=\"6\">6<\/option><option value=\"7\">7<\/option><option value=\"8\">8<\/option><\/select><\/span>\n\t\t\t\t\t\t\t<\/div>\n\t\t\t\t\t\t\t\t\t\t\t\t\t<\/div>\n\t\t\t\t\t\t<div class=\"vbmoreroomscontmod\" id=\"vbmoreroomscontmod366\"><\/div>\n\t\t\t\t\t<\/div>\n\n\t\t\t\t<\/div>\n\t\t\t<\/div>\n\n\t\t<\/div>\n\t\t\t<div class=\"vbmodhorsearchcategoriesblock\">\n\t\t\t<label class=\"vbmodhscategories\" for=\"vbmodhscategories366\">Kategorie<\/label>\n\t\t\t<span class=\"vbhsrcselsp\">\n\t\t\t\t<select name=\"categories\" id=\"vbmodhscategories366\">\n\t\t\t\t\t<option value=\"all\">Alle<\/option>\n\t\t\t\t\t\t\t\t\t<option value=\"4\">Wohnmobil<\/option>\n\t\t\t\t\t\t\t\t\t\t<option value=\"2\">Wohnwagen<\/option>\n\t\t\t\t\t\t\t\t\t\t<option value=\"1\">H\u00fctte<\/option>\n\t\t\t\t\t\t\t\t\t\t<option value=\"5\">Zelt ohne Strom<\/option>\n\t\t\t\t\t\t\t\t\t<\/select>\n\t\t\t<\/span>\n\t\t<\/div>\n\t\t\t\t<div class=\"vbmodhorsearchbookdiv\">\n\t\t\t<button type=\"submit\" id=\"vbo-mod-horsearch-sbt-366\" class=\"btn vbsearchinputmodhors vbo-pref-color-btn\">N\u00e4chste<\/button>\n\t\t<\/div>\n\n\t\t<script type=\"text\/javascript\">\n\t\t\tjQuery(function() {\n\t\t\t\tjQuery('button#vbo-mod-horsearch-sbt-366').on('click', function(e) {\n\t\t\t\t\te.preventDefault();\n\t\t\t\t\tjQuery(this).prop('disabled', true);\n\t\t\t\t\tjQuery(this).html('<i class=\"fas fa-circle-notch fa-spin fa-fw\"><\/i> ' + jQuery(this).text());\n\t\t\t\t\tjQuery(this).closest('form').submit();\n\t\t\t\t});\n\t\t\t});\n\t\t<\/script>\n\t\t<\/form>\n<\/div>\n\n<div class=\"vbo-modhs-js-helpers\" style=\"display: none;\">\n\t<div class=\"vbo-modhs-add-element-html\">\n\t\t<div class=\"vbmodhorsearchroomdentr\">\n\t\t\t<span class=\"horsrnum\">Platz %d<\/span>\n\t\t\t<div class=\"horsanumdiv\">\n\t\t\t\t<label style=\"display: none;\" for=\"vbo-mhs-adults-366-hid\">Person<\/label>\n\t\t\t\t<span class=\"horsanumsel\"><select name=\"adults[]\" id=\"vbo-mhs-adults-366-hid\" onchange=\"vbCountTotGuests366();\"><option value=\"1\">1<\/option><option value=\"2\" selected=\"selected\">2<\/option><option value=\"3\">3<\/option><option value=\"4\">4<\/option><option value=\"5\">5<\/option><option value=\"6\">6<\/option><option value=\"7\">7<\/option><option value=\"8\">8<\/option><\/select><\/span>\n\t\t\t\t\t\t<\/div>\n\t\t<\/div>\n\t<\/div>\n<\/div>\n\n<script type=\"text\/javascript\">\nfunction vboModHorSearchSendRequest(elem, formId) {\n\tvar form_el = document.getElementById('vbo-mod-horsearch-form-' + formId);\n\tif (!form_el) {\n\t\tconsole.error('form not found', formId);\n\t\treturn false;\n\t}\n\n\t\/\/ valid all form required fields\n\tif (typeof form_el.checkValidity === 'function' && !form_el.checkValidity()) {\n\t\t\/\/ modern browsers will support this HTML5 method to check the form required fields\n\t\talert(Joomla.JText._('VBO_PLEASE_FILL_FIELDS'));\n\t\treturn false;\n\t}\n\n\t\/\/ make sure the dates have been selected\n\tvar checkin_date_el = jQuery(form_el).find('input[name=\"checkindate\"]');\n\tvar checkout_date_el = jQuery(form_el).find('input[name=\"checkoutdate\"]');\n\tif (!checkin_date_el.length || !checkin_date_el.val().length || !checkout_date_el.length || !checkout_date_el.val().length) {\n\t\talert(Joomla.JText._('VBO_PLEASE_SEL_DATES'));\n\t\treturn false;\n\t}\n\t\/\/ make sure the dates are not identical to have a min stay of 1 night\n\t\/\/ as by default the datepicker could set equal dates to the hidden fields.\n\tif (checkin_date_el.val() == checkout_date_el.val()) {\n\t\talert(Joomla.JText._('VBO_PLEASE_SEL_DATES'));\n\t\treturn false;\n\t}\n\n\t\/\/ disable the send request button to avoid double submissions\n\telem.disabled = true;\n\t\n\t\/\/ get form values\n\tvar qstring = jQuery(form_el).serialize();\n\n\t\/\/ make sure the task is not set\n\tqstring = qstring.replace('task=search', '');\n\tqstring = qstring.replace('view=search', '');\n\n\t\/\/ make the ajax request to the controller\n\tjQuery.ajax({\n\t\ttype: \"POST\",\n\t\turl: \"https:\/\/husabergsudde.hemsidaexempel.se\/wp-admin\/admin-ajax.php?task=submit_inquiry&Itemid=2090&action=vikbooking&vik_ajax_client=site\",\n\t\tdata: qstring\n\t}).done(function(res) {\n\t\tif (!res.hasOwnProperty('status')) {\n\t\t\talert('Invalid response');\n\t\t\t\/\/ re-enable the button\n\t\t\telem.disabled = false;\n\t\t\treturn false;\n\t\t}\n\t\tif (!res.status) {\n\t\t\talert(res.error);\n\t\t\t\/\/ re-enable the button\n\t\t\telem.disabled = false;\n\t\t\treturn false;\n\t\t}\n\t\t\/\/ show success message by replacing all fields\n\t\tjQuery('.vbo-mod-horsearch-inquiry-fields').html('<p class=\"vbo-mod-horsearch-inquiry-mess-success\">' + Joomla.JText._('VBO_THANKS_INQ_SUBMITTED') + '<\/p>');\n\t\t\/\/ remove submit button container\n\t\tjQuery('.vbo-mod-horsearch-inquiry-submit').remove();\n\t}).fail(function(err) {\n\t\talert(err.responseText);\n\t\t\/\/ re-enable the button\n\t\telem.disabled = false;\n\t});\n}\n\nfunction vboModHorSearchBookOnline(formId) {\n\tvar form_el = document.getElementById('vbo-mod-horsearch-form-' + formId);\n\tif (!form_el) {\n\t\tconsole.error('form not found', formId);\n\t\treturn false;\n\t}\n\n\t\/\/ we need to let a button of type button trigger the submit of the \"check availability\"\n\t\/\/ or in case of inquiry, the browser will check the validity of the required fields.\n\n\t\/\/ we only check if the dates have been selected\n\tvar checkin_date_el = jQuery(form_el).find('input[name=\"checkindate\"]');\n\tvar checkout_date_el = jQuery(form_el).find('input[name=\"checkoutdate\"]');\n\tif (!checkin_date_el.length || !checkin_date_el.val().length || !checkout_date_el.length || !checkout_date_el.val().length) {\n\t\talert(Joomla.JText._('VBO_PLEASE_SEL_DATES'));\n\t\treturn false;\n\t}\n\n\t\/\/ make sure the dates are not identical to have a min stay of 1 night\n\t\/\/ as by default the datepicker could set equal dates to the hidden fields.\n\tif (checkin_date_el.val() == checkout_date_el.val()) {\n\t\talert(Joomla.JText._('VBO_PLEASE_SEL_DATES'));\n\t\treturn false;\n\t}\n\n\t\/\/ simply submit the form to start the booking process\n\tform_el.submit();\n\n\treturn true;\n}\n\nfunction vbAddElementMod366() {\n\tvar ni = document.getElementById('vbmoreroomscontmod366');\n\tvar numi = document.getElementById('vbroomhelpermod366');\n\tvar num = (document.getElementById('vbroomhelpermod366').value -1) + 2;\n\tnumi.value = num;\n\tvar newdiv = document.createElement('div');\n\tvar divIdName = 'vb'+num+'racont';\n\tnewdiv.setAttribute('id', divIdName);\n\t\/\/ build HTML content to append to new element\n\tvar new_element_html = document.getElementsByClassName('vbo-modhs-add-element-html')[0].innerHTML;\n\t\/\/ set room number\n\tlet rp_rgx = new RegExp('%d', 'g');\n\tnew_element_html = new_element_html.replace(rp_rgx, num);\n\t\/\/ get rid of label tag (Web Accessibility)\n\tlet lbl_rgx = new RegExp(\/<label\\s.+>.+<\\\/label>\/, 'g');\n\tnew_element_html = new_element_html.replace(lbl_rgx, '');\n\t\/\/ get rid of any id attribute (Web Accessibility)\n\tlet idattr_rgx = new RegExp(\/id=\"[^\\\"]+\"\/, 'g');\n\tnew_element_html = new_element_html.replace(idattr_rgx, '');\n\t\/\/ set HTML content and append element\n\tnewdiv.innerHTML = new_element_html;\n\tni.appendChild(newdiv);\n}\n\nfunction vbSetRoomsAdultsMod366(totrooms) {\n\tvar actrooms = parseInt(document.getElementById('vbroomhelpermod366').value);\n\tvar torooms = parseInt(totrooms);\n\tvar difrooms;\n\tif (torooms > actrooms) {\n\t\tdifrooms = torooms - actrooms;\n\t\tfor (var ir = 1; ir <= difrooms; ir++) {\n\t\t\tvbAddElementMod366();\n\t\t}\n\t}\n\tif (torooms < actrooms) {\n\t\tfor (var ir = actrooms; ir > torooms; ir--) {\n\t\t\tif (ir > 1) {\n\t\t\t\tvar rmra = document.getElementById('vb' + ir + 'racont');\n\t\t\t\trmra.parentNode.removeChild(rmra);\n\t\t\t}\n\t\t}\n\t\tdocument.getElementById('vbroomhelpermod366').value = torooms;\n\t}\n\tif (document.getElementById('vbmodhorsearch-hum-guests-rooms366')) {\n\t\tdocument.getElementById('vbmodhorsearch-hum-guests-rooms366').innerText = torooms;\n\t\tvbCountTotGuests366();\n\t}\n}\n\nfunction vbCountTotGuests366() {\n\tif (!document.getElementById('vbmodhorsearch-hum-guests-rooms366')) {\n\t\treturn;\n\t}\n\tvar totadults = 0;\n\tvar totchildren = 0;\n\tjQuery('#vbmodhorsearch-hum-guests-count366').parent().find('select[name=\"adults[]\"]').each(function() {\n\t\tvar curel = jQuery(this).find('option:selected');\n\t\tif (curel.length) {\n\t\t\ttotadults += parseInt(curel.val());\n\t\t}\n\t});\n\tjQuery('#vbmodhorsearch-hum-guests-adults366').text(totadults);\n\tif (jQuery('#vbmodhorsearch-hum-guests-children366').length) {\n\t\tjQuery('#vbmodhorsearch-hum-guests-count366').parent().find('select[name=\"children[]\"]').each(function() {\n\t\t\tvar curel = jQuery(this).find('option:selected');\n\t\t\tif (curel.length) {\n\t\t\t\ttotchildren += parseInt(curel.val());\n\t\t\t}\n\t\t});\n\t\tjQuery('#vbmodhorsearch-hum-guests-children366').text(totchildren);\n\t}\n}\n\nfunction vbCalcNightsMod366() {\n\tvar vbcheckin = document.getElementById('inp-checkindatemod366').value;\n\tvar vbcheckout = document.getElementById('inp-checkoutdatemod366').value;\n\tif (vbcheckin.length > 0 && vbcheckout.length > 0) {\n\t\tvar vbcheckinp = vbcheckin.split(\"\/\");\n\t\tvar vbcheckoutp = vbcheckout.split(\"\/\");\n\t\t\tvar vbinmonth = parseInt(vbcheckinp[1]);\n\t\tvbinmonth = vbinmonth - 1;\n\t\tvar vbinday = parseInt(vbcheckinp[2], 10);\n\t\tvar vbcheckind = new Date(vbcheckinp[0], vbinmonth, vbinday);\n\t\tvar vboutmonth = parseInt(vbcheckoutp[1]);\n\t\tvboutmonth = vboutmonth - 1;\n\t\tvar vboutday = parseInt(vbcheckoutp[2], 10);\n\t\tvar vbcheckoutd = new Date(vbcheckoutp[0], vboutmonth, vboutday);\n\t\t\t\tvar vbdivider = 1000 * 60 * 60 * 24;\n\t\tvar vbints = vbcheckind.getTime();\n\t\tvar vboutts = vbcheckoutd.getTime();\n\t\tif (vboutts > vbints) {\n\t\t\t\/\/var vbnights = Math.ceil((vboutts - vbints) \/ (vbdivider));\n\t\t\tvar utc1 = Date.UTC(vbcheckind.getFullYear(), vbcheckind.getMonth(), vbcheckind.getDate());\n\t\t\tvar utc2 = Date.UTC(vbcheckoutd.getFullYear(), vbcheckoutd.getMonth(), vbcheckoutd.getDate());\n\t\t\tvar vbnights = Math.ceil((utc2 - utc1) \/ vbdivider);\n\t\t\tif (vbnights > 0) {\n\t\t\t\tdocument.getElementById('vbjstotnightsmod366').innerHTML = '<div class=\"vbo-horizsearch-numnights-inner\"><span>N\u00e4chte:<\/span> <span>'+vbnights+'<\/span><\/div>';\n\t\t\t} else {\n\t\t\t\tdocument.getElementById('vbjstotnightsmod366').innerHTML = '';\n\t\t\t}\n\t\t} else {\n\t\t\tdocument.getElementById('vbjstotnightsmod366').innerHTML = '';\n\t\t}\n\t} else {\n\t\tdocument.getElementById('vbjstotnightsmod366').innerHTML = '';\n\t}\n}\n<\/script>\n\n<input type=\"hidden\" id=\"vbroomhelpermod366\" value=\"1\"\/>\n\t\t\t\t<\/div>\n\t\t\t\t<\/div>\n\t\t\t\t\t<\/div>\n\t\t<\/div>\n\t\t\t\t\t<\/div>\n\t\t<\/section>\n\t\t\t\t<section class=\"elementor-section elementor-top-section elementor-element elementor-element-aa8246d elementor-section-boxed elementor-section-height-default elementor-section-height-default\" data-id=\"aa8246d\" data-element_type=\"section\" data-e-type=\"section\">\n\t\t\t\t\t\t<div class=\"elementor-container elementor-column-gap-default\">\n\t\t\t\t\t<div class=\"elementor-column elementor-col-100 elementor-top-column elementor-element elementor-element-107e8c0\" data-id=\"107e8c0\" data-element_type=\"column\" data-e-type=\"column\">\n\t\t\t<div class=\"elementor-widget-wrap elementor-element-populated\">\n\t\t\t\t\t\t<div class=\"elementor-element elementor-element-af8b868 elementor-widget elementor-widget-heading\" data-id=\"af8b868\" data-element_type=\"widget\" data-e-type=\"widget\" data-widget_type=\"heading.default\">\n\t\t\t\t<div class=\"elementor-widget-container\">\n\t\t\t\t\t<h2 class=\"elementor-heading-title elementor-size-default\">Kinder zwischen 0 und 5 Jahren sind kostenfrei.<\/h2>\t\t\t\t<\/div>\n\t\t\t\t<\/div>\n\t\t\t\t\t<\/div>\n\t\t<\/div>\n\t\t\t\t\t<\/div>\n\t\t<\/section>\n\t\t\t\t<\/div>\n\t\t","protected":false},"excerpt":{"rendered":"<p>Der Stornoschutz kostet 200 SEK pro Einheit.R\u00fcckerstattung, wenn die Stornierung sp\u00e4testens 24 Stunden vor dem Check-in (14:00) erfolgt.Die R\u00fcckerstattung w\u00fcrde den Gesamtbetrag [&hellip;]<\/p>\n","protected":false},"author":4,"featured_media":0,"parent":0,"menu_order":0,"comment_status":"closed","ping_status":"closed","template":"page-templates\/page_fullwidth.php","meta":{"footnotes":""},"class_list":["post-2082","page","type-page","status-publish","hentry"],"_links":{"self":[{"href":"https:\/\/husabergsudde.hemsidaexempel.se\/de\/wp-json\/wp\/v2\/pages\/2082","targetHints":{"allow":["GET"]}}],"collection":[{"href":"https:\/\/husabergsudde.hemsidaexempel.se\/de\/wp-json\/wp\/v2\/pages"}],"about":[{"href":"https:\/\/husabergsudde.hemsidaexempel.se\/de\/wp-json\/wp\/v2\/types\/page"}],"author":[{"embeddable":true,"href":"https:\/\/husabergsudde.hemsidaexempel.se\/de\/wp-json\/wp\/v2\/users\/4"}],"replies":[{"embeddable":true,"href":"https:\/\/husabergsudde.hemsidaexempel.se\/de\/wp-json\/wp\/v2\/comments?post=2082"}],"version-history":[{"count":86,"href":"https:\/\/husabergsudde.hemsidaexempel.se\/de\/wp-json\/wp\/v2\/pages\/2082\/revisions"}],"predecessor-version":[{"id":3655,"href":"https:\/\/husabergsudde.hemsidaexempel.se\/de\/wp-json\/wp\/v2\/pages\/2082\/revisions\/3655"}],"wp:attachment":[{"href":"https:\/\/husabergsudde.hemsidaexempel.se\/de\/wp-json\/wp\/v2\/media?parent=2082"}],"curies":[{"name":"wp","href":"https:\/\/api.w.org\/{rel}","templated":true}]}}